{"id":2,"date":"2026-03-08T14:32:34","date_gmt":"2026-03-08T14:32:34","guid":{"rendered":"http:\/\/geoprobh.com\/?page_id=2"},"modified":"2026-04-09T08:15:14","modified_gmt":"2026-04-09T08:15:14","slug":"sample-page","status":"publish","type":"page","link":"https:\/\/geoprobh.com\/?page_id=2","title":{"rendered":"O nama"},"content":{"rendered":"\n<p>GeoPro BH d.o.o. je novoosnovana geodetska firma sa sjedi\u0161tem u Bosni i Hercegovini. Iako smo kao kompanija tek zapo\u010deli svoj rad, iza nas stoji vi\u0161e od 5 godina iskustva u oblasti geodezije i rada na razli\u010ditim projektima.<\/p>\n\n\n\n<blockquote class=\"wp-block-quote is-layout-flow wp-block-quote-is-layout-flow\">\n<p>Fokusirani smo na pru\u017eanje preciznih, pouzdanih i efikasnih geodetskih usluga, uz profesionalan pristup svakom klijentu. Na\u0161 cilj je da kroz kvalitet rada i kontinuirani razvoj postanemo prepoznatljiv partner u oblasti geodezije.<\/p>\n<\/blockquote>\n\n\n\n<blockquote class=\"wp-block-quote is-layout-flow wp-block-quote-is-layout-flow\">\n<p><\/p>\n<\/blockquote>\n\n\n\n<p>Direktor firme, Nihad Mili\u0107, vodi tim sa jasnom vizijom rasta i \u0161irenja poslovanja na \u0161irem tr\u017ei\u0161tu.<\/p>\n\n\n\n<figure class=\"wp-block-gallery has-nested-images columns-default is-cropped wp-block-gallery-1 is-layout-flex wp-block-gallery-is-layout-flex\">\n<figure class=\"wp-block-image size-large\"><img loading=\"lazy\" decoding=\"async\" width=\"768\" height=\"1024\" data-id=\"49\" src=\"https:\/\/geoprobh.com\/wp-content\/uploads\/2026\/04\/WhatsApp-Image-2026-04-05-at-19.24.17-768x1024.jpeg\" alt=\"\" class=\"wp-image-49\" srcset=\"https:\/\/geoprobh.com\/wp-content\/uploads\/2026\/04\/WhatsApp-Image-2026-04-05-at-19.24.17-768x1024.jpeg 768w, https:\/\/geoprobh.com\/wp-content\/uploads\/2026\/04\/WhatsApp-Image-2026-04-05-at-19.24.17-225x300.jpeg 225w, https:\/\/geoprobh.com\/wp-content\/uploads\/2026\/04\/WhatsApp-Image-2026-04-05-at-19.24.17-1152x1536.jpeg 1152w, https:\/\/geoprobh.com\/wp-content\/uploads\/2026\/04\/WhatsApp-Image-2026-04-05-at-19.24.17.jpeg 1500w\" sizes=\"auto, (max-width: 768px) 100vw, 768px\" \/><\/figure>\n\n\n\n<figure class=\"wp-block-image size-large\"><img loading=\"lazy\" decoding=\"async\" width=\"768\" height=\"1024\" data-id=\"53\" src=\"https:\/\/geoprobh.com\/wp-content\/uploads\/2026\/04\/WhatsApp-Image-2026-04-05-at-19.25.42-768x1024.jpeg\" alt=\"\" class=\"wp-image-53\" srcset=\"https:\/\/geoprobh.com\/wp-content\/uploads\/2026\/04\/WhatsApp-Image-2026-04-05-at-19.25.42-768x1024.jpeg 768w, https:\/\/geoprobh.com\/wp-content\/uploads\/2026\/04\/WhatsApp-Image-2026-04-05-at-19.25.42-225x300.jpeg 225w, https:\/\/geoprobh.com\/wp-content\/uploads\/2026\/04\/WhatsApp-Image-2026-04-05-at-19.25.42-1152x1536.jpeg 1152w, https:\/\/geoprobh.com\/wp-content\/uploads\/2026\/04\/WhatsApp-Image-2026-04-05-at-19.25.42.jpeg 1200w\" sizes=\"auto, (max-width: 768px) 100vw, 768px\" \/><\/figure>\n\n\n\n<figure class=\"wp-block-image size-large\"><img loading=\"lazy\" decoding=\"async\" width=\"768\" height=\"1024\" data-id=\"51\" src=\"https:\/\/geoprobh.com\/wp-content\/uploads\/2026\/04\/WhatsApp-Image-2026-04-05-at-19.25.43-1-768x1024.jpeg\" alt=\"\" class=\"wp-image-51\" srcset=\"https:\/\/geoprobh.com\/wp-content\/uploads\/2026\/04\/WhatsApp-Image-2026-04-05-at-19.25.43-1-768x1024.jpeg 768w, https:\/\/geoprobh.com\/wp-content\/uploads\/2026\/04\/WhatsApp-Image-2026-04-05-at-19.25.43-1-225x300.jpeg 225w, https:\/\/geoprobh.com\/wp-content\/uploads\/2026\/04\/WhatsApp-Image-2026-04-05-at-19.25.43-1-1152x1536.jpeg 1152w, https:\/\/geoprobh.com\/wp-content\/uploads\/2026\/04\/WhatsApp-Image-2026-04-05-at-19.25.43-1.jpeg 1200w\" sizes=\"auto, (max-width: 768px) 100vw, 768px\" \/><\/figure>\n\n\n\n<figure class=\"wp-block-image size-large\"><img loading=\"lazy\" decoding=\"async\" width=\"768\" height=\"1024\" data-id=\"50\" src=\"https:\/\/geoprobh.com\/wp-content\/uploads\/2026\/04\/WhatsApp-Image-2026-04-05-at-19.25.44-1-768x1024.jpeg\" alt=\"\" class=\"wp-image-50\" srcset=\"https:\/\/geoprobh.com\/wp-content\/uploads\/2026\/04\/WhatsApp-Image-2026-04-05-at-19.25.44-1-768x1024.jpeg 768w, https:\/\/geoprobh.com\/wp-content\/uploads\/2026\/04\/WhatsApp-Image-2026-04-05-at-19.25.44-1-225x300.jpeg 225w, https:\/\/geoprobh.com\/wp-content\/uploads\/2026\/04\/WhatsApp-Image-2026-04-05-at-19.25.44-1-1152x1536.jpeg 1152w, https:\/\/geoprobh.com\/wp-content\/uploads\/2026\/04\/WhatsApp-Image-2026-04-05-at-19.25.44-1.jpeg 1200w\" sizes=\"auto, (max-width: 768px) 100vw, 768px\" \/><\/figure>\n\n\n\n<figure class=\"wp-block-image size-large\"><img loading=\"lazy\" decoding=\"async\" width=\"768\" height=\"1024\" data-id=\"52\" src=\"https:\/\/geoprobh.com\/wp-content\/uploads\/2026\/04\/WhatsApp-Image-2026-04-05-at-19.25.44-2-768x1024.jpeg\" alt=\"\" class=\"wp-image-52\" srcset=\"https:\/\/geoprobh.com\/wp-content\/uploads\/2026\/04\/WhatsApp-Image-2026-04-05-at-19.25.44-2-768x1024.jpeg 768w, https:\/\/geoprobh.com\/wp-content\/uploads\/2026\/04\/WhatsApp-Image-2026-04-05-at-19.25.44-2-225x300.jpeg 225w, https:\/\/geoprobh.com\/wp-content\/uploads\/2026\/04\/WhatsApp-Image-2026-04-05-at-19.25.44-2-1152x1536.jpeg 1152w, https:\/\/geoprobh.com\/wp-content\/uploads\/2026\/04\/WhatsApp-Image-2026-04-05-at-19.25.44-2.jpeg 1200w\" sizes=\"auto, (max-width: 768px) 100vw, 768px\" \/><\/figure>\n\n\n\n<figure class=\"wp-block-image size-large\"><img loading=\"lazy\" decoding=\"async\" width=\"768\" height=\"1024\" data-id=\"54\" src=\"https:\/\/geoprobh.com\/wp-content\/uploads\/2026\/04\/WhatsApp-Image-2026-04-05-at-19.25.44-768x1024.jpeg\" alt=\"\" class=\"wp-image-54\" srcset=\"https:\/\/geoprobh.com\/wp-content\/uploads\/2026\/04\/WhatsApp-Image-2026-04-05-at-19.25.44-768x1024.jpeg 768w, https:\/\/geoprobh.com\/wp-content\/uploads\/2026\/04\/WhatsApp-Image-2026-04-05-at-19.25.44-225x300.jpeg 225w, https:\/\/geoprobh.com\/wp-content\/uploads\/2026\/04\/WhatsApp-Image-2026-04-05-at-19.25.44-1152x1536.jpeg 1152w, https:\/\/geoprobh.com\/wp-content\/uploads\/2026\/04\/WhatsApp-Image-2026-04-05-at-19.25.44.jpeg 1200w\" sizes=\"auto, (max-width: 768px) 100vw, 768px\" \/><\/figure>\n<\/figure>\n","protected":false},"excerpt":{"rendered":"<p>GeoPro BH d.o.o. je novoosnovana geodetska firma sa sjedi\u0161tem u Bosni i Hercegovini. Iako smo kao kompanija tek zapo\u010deli svoj rad, iza nas stoji vi\u0161e od 5 godina iskustva u oblasti geodezije i rada na razli\u010ditim projektima. Fokusirani smo na pru\u017eanje preciznih, pouzdanih i efikasnih geodetskih usluga, uz profesionalan pristup svakom klijentu. Na\u0161 cilj je [&hellip;]<\/p>\n","protected":false},"author":1,"featured_media":0,"parent":0,"menu_order":0,"comment_status":"closed","ping_status":"closed","template":"","meta":{"om_disable_all_campaigns":false,"_monsterinsights_skip_tracking":false,"_monsterinsights_sitenote_active":false,"_monsterinsights_sitenote_note":"","_monsterinsights_sitenote_category":0,"footnotes":""},"class_list":["post-2","page","type-page","status-publish","hentry"],"yoast_head":"<!-- This site is optimized with the Yoast SEO plugin v27.1.1 - https:\/\/yoast.com\/product\/yoast-seo-wordpress\/ -->\n<title>O nama - GeoPro BH<\/title>\n<meta name=\"robots\" content=\"index, follow, max-snippet:-1, max-image-preview:large, max-video-preview:-1\" \/>\n<link rel=\"canonical\" href=\"https:\/\/geoprobh.com\/?page_id=2\" \/>\n<meta property=\"og:locale\" content=\"en_US\" \/>\n<meta property=\"og:type\" content=\"article\" \/>\n<meta property=\"og:title\" content=\"O nama - GeoPro BH\" \/>\n<meta property=\"og:description\" content=\"GeoPro BH d.o.o. je novoosnovana geodetska firma sa sjedi\u0161tem u Bosni i Hercegovini. Iako smo kao kompanija tek zapo\u010deli svoj rad, iza nas stoji vi\u0161e od 5 godina iskustva u oblasti geodezije i rada na razli\u010ditim projektima. Fokusirani smo na pru\u017eanje preciznih, pouzdanih i efikasnih geodetskih usluga, uz profesionalan pristup svakom klijentu. Na\u0161 cilj je [&hellip;]\" \/>\n<meta property=\"og:url\" content=\"https:\/\/geoprobh.com\/?page_id=2\" \/>\n<meta property=\"og:site_name\" content=\"GeoPro BH\" \/>\n<meta property=\"article:modified_time\" content=\"2026-04-09T08:15:14+00:00\" \/>\n<meta property=\"og:image\" content=\"https:\/\/geoprobh.com\/wp-content\/uploads\/2026\/04\/WhatsApp-Image-2026-04-05-at-19.24.17-768x1024.jpeg\" \/>\n<meta name=\"twitter:card\" content=\"summary_large_image\" \/>\n<meta name=\"twitter:label1\" content=\"Est. reading time\" \/>\n\t<meta name=\"twitter:data1\" content=\"2 minutes\" \/>\n<script type=\"application\/ld+json\" class=\"yoast-schema-graph\">{\"@context\":\"https:\/\/schema.org\",\"@graph\":[{\"@type\":\"WebPage\",\"@id\":\"https:\/\/geoprobh.com\/?page_id=2\",\"url\":\"https:\/\/geoprobh.com\/?page_id=2\",\"name\":\"O nama - GeoPro BH\",\"isPartOf\":{\"@id\":\"https:\/\/geoprobh.com\/#website\"},\"primaryImageOfPage\":{\"@id\":\"https:\/\/geoprobh.com\/?page_id=2#primaryimage\"},\"image\":{\"@id\":\"https:\/\/geoprobh.com\/?page_id=2#primaryimage\"},\"thumbnailUrl\":\"https:\/\/geoprobh.com\/wp-content\/uploads\/2026\/04\/WhatsApp-Image-2026-04-05-at-19.24.17-768x1024.jpeg\",\"datePublished\":\"2026-03-08T14:32:34+00:00\",\"dateModified\":\"2026-04-09T08:15:14+00:00\",\"breadcrumb\":{\"@id\":\"https:\/\/geoprobh.com\/?page_id=2#breadcrumb\"},\"inLanguage\":\"en-US\",\"potentialAction\":[{\"@type\":\"ReadAction\",\"target\":[\"https:\/\/geoprobh.com\/?page_id=2\"]}]},{\"@type\":\"ImageObject\",\"inLanguage\":\"en-US\",\"@id\":\"https:\/\/geoprobh.com\/?page_id=2#primaryimage\",\"url\":\"https:\/\/geoprobh.com\/wp-content\/uploads\/2026\/04\/WhatsApp-Image-2026-04-05-at-19.24.17.jpeg\",\"contentUrl\":\"https:\/\/geoprobh.com\/wp-content\/uploads\/2026\/04\/WhatsApp-Image-2026-04-05-at-19.24.17.jpeg\",\"width\":1500,\"height\":2000},{\"@type\":\"BreadcrumbList\",\"@id\":\"https:\/\/geoprobh.com\/?page_id=2#breadcrumb\",\"itemListElement\":[{\"@type\":\"ListItem\",\"position\":1,\"name\":\"Home\",\"item\":\"https:\/\/geoprobh.com\/\"},{\"@type\":\"ListItem\",\"position\":2,\"name\":\"O nama\"}]},{\"@type\":\"WebSite\",\"@id\":\"https:\/\/geoprobh.com\/#website\",\"url\":\"https:\/\/geoprobh.com\/\",\"name\":\"GeoPro BH\",\"description\":\"Mjerimo precizno gradimo bezbri\u017eno\",\"publisher\":{\"@id\":\"https:\/\/geoprobh.com\/#organization\"},\"potentialAction\":[{\"@type\":\"SearchAction\",\"target\":{\"@type\":\"EntryPoint\",\"urlTemplate\":\"https:\/\/geoprobh.com\/?s={search_term_string}\"},\"query-input\":{\"@type\":\"PropertyValueSpecification\",\"valueRequired\":true,\"valueName\":\"search_term_string\"}}],\"inLanguage\":\"en-US\"},{\"@type\":\"Organization\",\"@id\":\"https:\/\/geoprobh.com\/#organization\",\"name\":\"GeoPro BH\",\"url\":\"https:\/\/geoprobh.com\/\",\"logo\":{\"@type\":\"ImageObject\",\"inLanguage\":\"en-US\",\"@id\":\"https:\/\/geoprobh.com\/#\/schema\/logo\/image\/\",\"url\":\"https:\/\/geoprobh.com\/wp-content\/uploads\/2026\/03\/Ikonica@4x-8.png\",\"contentUrl\":\"https:\/\/geoprobh.com\/wp-content\/uploads\/2026\/03\/Ikonica@4x-8.png\",\"width\":1560,\"height\":1561,\"caption\":\"GeoPro BH\"},\"image\":{\"@id\":\"https:\/\/geoprobh.com\/#\/schema\/logo\/image\/\"}}]}<\/script>\n<!-- \/ Yoast SEO plugin. -->","yoast_head_json":{"title":"O nama - GeoPro BH","robots":{"index":"index","follow":"follow","max-snippet":"max-snippet:-1","max-image-preview":"max-image-preview:large","max-video-preview":"max-video-preview:-1"},"canonical":"https:\/\/geoprobh.com\/?page_id=2","og_locale":"en_US","og_type":"article","og_title":"O nama - GeoPro BH","og_description":"GeoPro BH d.o.o. je novoosnovana geodetska firma sa sjedi\u0161tem u Bosni i Hercegovini. Iako smo kao kompanija tek zapo\u010deli svoj rad, iza nas stoji vi\u0161e od 5 godina iskustva u oblasti geodezije i rada na razli\u010ditim projektima. Fokusirani smo na pru\u017eanje preciznih, pouzdanih i efikasnih geodetskih usluga, uz profesionalan pristup svakom klijentu. Na\u0161 cilj je [&hellip;]","og_url":"https:\/\/geoprobh.com\/?page_id=2","og_site_name":"GeoPro BH","article_modified_time":"2026-04-09T08:15:14+00:00","og_image":[{"url":"https:\/\/geoprobh.com\/wp-content\/uploads\/2026\/04\/WhatsApp-Image-2026-04-05-at-19.24.17-768x1024.jpeg","type":"","width":"","height":""}],"twitter_card":"summary_large_image","twitter_misc":{"Est. reading time":"2 minutes"},"schema":{"@context":"https:\/\/schema.org","@graph":[{"@type":"WebPage","@id":"https:\/\/geoprobh.com\/?page_id=2","url":"https:\/\/geoprobh.com\/?page_id=2","name":"O nama - GeoPro BH","isPartOf":{"@id":"https:\/\/geoprobh.com\/#website"},"primaryImageOfPage":{"@id":"https:\/\/geoprobh.com\/?page_id=2#primaryimage"},"image":{"@id":"https:\/\/geoprobh.com\/?page_id=2#primaryimage"},"thumbnailUrl":"https:\/\/geoprobh.com\/wp-content\/uploads\/2026\/04\/WhatsApp-Image-2026-04-05-at-19.24.17-768x1024.jpeg","datePublished":"2026-03-08T14:32:34+00:00","dateModified":"2026-04-09T08:15:14+00:00","breadcrumb":{"@id":"https:\/\/geoprobh.com\/?page_id=2#breadcrumb"},"inLanguage":"en-US","potentialAction":[{"@type":"ReadAction","target":["https:\/\/geoprobh.com\/?page_id=2"]}]},{"@type":"ImageObject","inLanguage":"en-US","@id":"https:\/\/geoprobh.com\/?page_id=2#primaryimage","url":"https:\/\/geoprobh.com\/wp-content\/uploads\/2026\/04\/WhatsApp-Image-2026-04-05-at-19.24.17.jpeg","contentUrl":"https:\/\/geoprobh.com\/wp-content\/uploads\/2026\/04\/WhatsApp-Image-2026-04-05-at-19.24.17.jpeg","width":1500,"height":2000},{"@type":"BreadcrumbList","@id":"https:\/\/geoprobh.com\/?page_id=2#breadcrumb","itemListElement":[{"@type":"ListItem","position":1,"name":"Home","item":"https:\/\/geoprobh.com\/"},{"@type":"ListItem","position":2,"name":"O nama"}]},{"@type":"WebSite","@id":"https:\/\/geoprobh.com\/#website","url":"https:\/\/geoprobh.com\/","name":"GeoPro BH","description":"Mjerimo precizno gradimo bezbri\u017eno","publisher":{"@id":"https:\/\/geoprobh.com\/#organization"},"potentialAction":[{"@type":"SearchAction","target":{"@type":"EntryPoint","urlTemplate":"https:\/\/geoprobh.com\/?s={search_term_string}"},"query-input":{"@type":"PropertyValueSpecification","valueRequired":true,"valueName":"search_term_string"}}],"inLanguage":"en-US"},{"@type":"Organization","@id":"https:\/\/geoprobh.com\/#organization","name":"GeoPro BH","url":"https:\/\/geoprobh.com\/","logo":{"@type":"ImageObject","inLanguage":"en-US","@id":"https:\/\/geoprobh.com\/#\/schema\/logo\/image\/","url":"https:\/\/geoprobh.com\/wp-content\/uploads\/2026\/03\/Ikonica@4x-8.png","contentUrl":"https:\/\/geoprobh.com\/wp-content\/uploads\/2026\/03\/Ikonica@4x-8.png","width":1560,"height":1561,"caption":"GeoPro BH"},"image":{"@id":"https:\/\/geoprobh.com\/#\/schema\/logo\/image\/"}}]}},"_links":{"self":[{"href":"https:\/\/geoprobh.com\/index.php?rest_route=\/wp\/v2\/pages\/2","targetHints":{"allow":["GET"]}}],"collection":[{"href":"https:\/\/geoprobh.com\/index.php?rest_route=\/wp\/v2\/pages"}],"about":[{"href":"https:\/\/geoprobh.com\/index.php?rest_route=\/wp\/v2\/types\/page"}],"author":[{"embeddable":true,"href":"https:\/\/geoprobh.com\/index.php?rest_route=\/wp\/v2\/users\/1"}],"replies":[{"embeddable":true,"href":"https:\/\/geoprobh.com\/index.php?rest_route=%2Fwp%2Fv2%2Fcomments&post=2"}],"version-history":[{"count":4,"href":"https:\/\/geoprobh.com\/index.php?rest_route=\/wp\/v2\/pages\/2\/revisions"}],"predecessor-version":[{"id":55,"href":"https:\/\/geoprobh.com\/index.php?rest_route=\/wp\/v2\/pages\/2\/revisions\/55"}],"wp:attachment":[{"href":"https:\/\/geoprobh.com\/index.php?rest_route=%2Fwp%2Fv2%2Fmedia&parent=2"}],"curies":[{"name":"wp","href":"https:\/\/api.w.org\/{rel}","templated":true}]}}